{"id":180,"date":"2019-05-19T12:47:04","date_gmt":"2019-05-19T10:47:04","guid":{"rendered":"http:\/\/imagination-en-couleurs.com\/?page_id=180"},"modified":"2021-10-03T04:53:34","modified_gmt":"2021-10-03T02:53:34","slug":"a-propos","status":"publish","type":"page","link":"http:\/\/www.imagination-en-couleurs.com\/index.php\/a-propos\/","title":{"rendered":"A propos"},"content":{"rendered":"\n<p style=\"font-size:19px\"><strong>Anne-Marie a toujours cr\u00e9e du lien.<\/strong><\/p>\n\n\n\n<p style=\"font-size:19px\"><strong>Longtemps elle a rassembl\u00e9 des petits d\u2019hommes, aujourd\u2019hui elle assemble de petits bouts d\u2019arbres.<\/strong><\/p>\n\n\n\n<p style=\"font-size:19px\"><strong>Elle choisit du bois \u00e0 la fibre artistique, celui dont on fabrique les centenaires et le fait marcher \u00e0 la baguette \u00e0 la mani\u00e8re d\u2019un chef d\u2019orchestre.<\/strong><\/p>\n\n\n\n<p style=\"font-size:19px\"><strong>Elle comble des failles, redresse des tordus, adoucit des \u00e9chardes.\u00a0<\/strong><\/p>\n\n\n\n<p style=\"font-size:19px\"><strong>Elle con\u00e7oit, elle structure, elle relie \u2026<\/strong><\/p>\n\n\n\n<p style=\"font-size:19px\"><strong>de longs Don Quichotte id\u00e9alistes et des Sancho Pan\u00e7a rondouillards et rigolos.<\/strong><\/p>\n\n\n\n<p style=\"font-size:19px\"><strong>ceux qui voient la vie en rose, ceux qui ont des id\u00e9es noires et passent des nuits blanches.<\/strong><\/p>\n\n\n\n<p style=\"font-size:19px\"><strong>des pr\u00e9tentieux qui vivent au dessus de leur tronc et des inhib\u00e9s discrets qui se cacheraient dans un n\u0153ud de peuplier.<\/strong><\/p>\n\n\n\n<p style=\"font-size:19px\"><strong>des rejetons d\u2019illustres souches issus d\u2019essences nobles et des sauvageons n\u00e9s une cuill\u00e8re en bois dans la bouche.<\/strong><\/p>\n\n\n\n<p style=\"font-size:19px\"><strong>des solaires qui attirent la lumi\u00e8re comme un \u00e9t\u00e9 indien et des \u00e9minences grises aimant rester dans l\u2019ombre.<\/strong><\/p>\n\n\n\n<p style=\"font-size:19px\"><strong>des ob\u00e9issants prenant sagement leur place, des indisciplin\u00e9s cherchant \u00e0 sortir du cadre.<\/strong><\/p>\n\n\n\n<p style=\"font-size:19px\"><strong>des int\u00e8gres \u00e0 la trajectoire rectiligne et des sournois au regard oblique.<\/strong><\/p>\n\n\n\n<p style=\"font-size:19px\"><strong>des angoiss\u00e9s tendus comme des arcs, des surdou\u00e9s rapides comme des fl\u00e8ches.<\/strong><\/p>\n\n\n\n<p style=\"font-size:19px\"><strong>des sanguins qui veulent montrer de quel bois ils se chauffent.<\/strong><\/p>\n\n\n\n<p style=\"font-size:19px\"><strong>des \u00e9picuriens qui font la planche en r\u00eavant de M\u00e9diterran\u00e9e.<\/strong><\/p>\n\n\n\n<p style=\"font-size:19px\"><strong>des r\u00e9siliant, des f\u00eal\u00e9s, des fractur\u00e9s.<\/strong><\/p>\n\n\n\n<p style=\"font-size:19px\"><strong>Depuis toujours Anne-Marie fait na\u00eetre des mosa\u00efques avec les diff\u00e9rences.<\/strong><\/p>\n\n\n\n<p style=\"font-size:19px\"><strong>Aujourd\u2019hui elle invente des arcs-en-ciel de bois.<\/strong><\/p>\n\n\n\n<p style=\"font-size:19px\"><strong>Jackie<\/strong><\/p>\n","protected":false},"excerpt":{"rendered":"<p>Anne-Marie a toujours cr\u00e9e du lien. Longtemps elle a rassembl\u00e9 des petits d\u2019hommes, aujourd\u2019hui elle assemble de petits bouts d\u2019arbres. Elle choisit du bois \u00e0 la fibre artistique, celui dont on fabrique les centenaires et le fait marcher \u00e0 la baguette \u00e0 la mani\u00e8re d\u2019un chef d\u2019orchestre. Elle comble des failles, redresse des tordus, adoucit&#8230; <span class=\"more\"><a class=\"more-link\" href=\"http:\/\/www.imagination-en-couleurs.com\/index.php\/a-propos\/\">Read More<\/a><\/span><\/p>\n","protected":false},"author":1,"featured_media":0,"parent":0,"menu_order":0,"comment_status":"closed","ping_status":"closed","template":"","meta":[],"_links":{"self":[{"href":"http:\/\/www.imagination-en-couleurs.com\/index.php\/wp-json\/wp\/v2\/pages\/180"}],"collection":[{"href":"http:\/\/www.imagination-en-couleurs.com\/index.php\/wp-json\/wp\/v2\/pages"}],"about":[{"href":"http:\/\/www.imagination-en-couleurs.com\/index.php\/wp-json\/wp\/v2\/types\/page"}],"author":[{"embeddable":true,"href":"http:\/\/www.imagination-en-couleurs.com\/index.php\/wp-json\/wp\/v2\/users\/1"}],"replies":[{"embeddable":true,"href":"http:\/\/www.imagination-en-couleurs.com\/index.php\/wp-json\/wp\/v2\/comments?post=180"}],"version-history":[{"count":6,"href":"http:\/\/www.imagination-en-couleurs.com\/index.php\/wp-json\/wp\/v2\/pages\/180\/revisions"}],"predecessor-version":[{"id":294,"href":"http:\/\/www.imagination-en-couleurs.com\/index.php\/wp-json\/wp\/v2\/pages\/180\/revisions\/294"}],"wp:attachment":[{"href":"http:\/\/www.imagination-en-couleurs.com\/index.php\/wp-json\/wp\/v2\/media?parent=180"}],"curies":[{"name":"wp","href":"https:\/\/api.w.org\/{rel}","templated":true}]}}